{"id":113,"date":"2022-02-14T10:02:32","date_gmt":"2022-02-14T09:02:32","guid":{"rendered":"https:\/\/www.te-gmbh.com\/de\/?page_id=113"},"modified":"2026-04-16T16:48:56","modified_gmt":"2026-04-16T14:48:56","slug":"schwergewebe","status":"publish","type":"page","link":"https:\/\/www.te-gmbh.com\/de\/schwergewebe\/","title":{"rendered":"Fallhammerriemen"},"content":{"rendered":"\n<figure class=\"wp-block-image\"><img decoding=\"async\" src=\"https:\/\/www.te-gmbh.com\/de\/wp-content\/uploads\/2022\/02\/IMG_1089.jpg\" alt=\"\" title=\"\"\/><\/figure>\n\n\n\n<h3 class=\"wp-block-heading\">DEXI* Fallhammerriemen<\/h3>\n\n\n\n<p>Wir bieten in unserem Standardprogramm Riemen f\u00fcr die meisten markt\u00fcblichen Schmiedeaggregate. Bei Detailangaben \u00fcber Typen, Gewichte etc. k\u00f6nnen wir gern nach empfohlener Belastungstabelle St\u00e4rke und Breite detailliert anbieten. F\u00fcr unsere Fallhammeriemen erhalten Sie auch unser Steigspray, um optimale Kraft\u00fcbertragung zu sichern.<\/p>\n\n\n\n<ul class=\"wp-block-list\">\n<li>h\u00f6chsten Qualit\u00e4ts-Standard<\/li>\n\n\n\n<li>ideale Reibwerte<\/li>\n\n\n\n<li>optimale Kraft\u00fcbertragung<\/li>\n<\/ul>\n\n\n\n<ul class=\"wp-block-list\">\n<li>Wartungsfreiheit<\/li>\n\n\n\n<li>Spezialimpr\u00e4gnierung<\/li>\n<\/ul>\n\n\n\n<figure class=\"wp-block-table\"><table class=\"has-fixed-layout\"><tbody><tr><td><strong>Typ<\/strong><\/td><td><strong>Breite<\/strong><\/td><td><strong>St\u00e4rke<\/strong><\/td><td><strong>L\u00e4nge<\/strong><\/td><td><strong>Art.-Nr.<\/strong><\/td><\/tr><tr><td>Dexi Fallhammer-Riemen 100<\/td><td>100 mm<\/td><td>10 mm<\/td><td>ca. 25 m<\/td><td>DFR400100<\/td><\/tr><tr><td>Dexi Fallhammer-Riemen 120<\/td><td>120 mm<\/td><td>10 mm<\/td><td>ca. 25 m<\/td><td>DFR400120<\/td><\/tr><tr><td>Dexi Fallhammer-Riemen 140<\/td><td>140 mm<\/td><td>10 mm<\/td><td>ca. 25 m<\/td><td>DFR400140<\/td><\/tr><tr><td>Dexi Fallhammer-Riemen 160<\/td><td>160 mm<\/td><td>11 mm<\/td><td>ca. 25 m<\/td><td>DFR400160<\/td><\/tr><tr><td>Dexi Fallhammer-Riemen 180<\/td><td>180 mm<\/td><td>11 mm<\/td><td>ca. 25 m<\/td><td>DFR400180<\/td><\/tr><tr><td>Dexi Fallhammer-Riemen 200<\/td><td>200 mm<\/td><td>11 mm<\/td><td>ca. 25 m<\/td><td>DFR400200<\/td><\/tr><tr><td>Dexi Fallhammer-Riemen 220<\/td><td>220 mm<\/td><td>13 mm<\/td><td>ca. 25 m<\/td><td>DFR400220<\/td><\/tr><tr><td>Dexi Fallhammer-Riemen 250<\/td><td>250 mm<\/td><td>13 mm<\/td><td>ca. 25 m<\/td><td>DFR400250<\/td><\/tr><tr><td>Dexi Fallhammer-Riemen 300<\/td><td>300 mm<\/td><td>13 mm<\/td><td>ca. 25 m<\/td><td>DFR400300<\/td><\/tr><tr><td>Dexi Fallhammer-Riemen 380<\/td><td>380 mm<\/td><td>13 mm<\/td><td>ca. 25 m<\/td><td>DFR400380<\/td><\/tr><tr><td>Dexi Fallhammer-Riemen 400<\/td><td>400 mm<\/td><td>13 mm<\/td><td>ca. 25 m<\/td><td>DFR400400<\/td><\/tr><tr><td>Dexi Fallhammer-Riemen 450<\/td><td>450 mm<\/td><td>15 mm<\/td><td>ca. 25 m<\/td><td>DFR400450<\/td><\/tr><tr><td>Dexi Fallhammer-Riemen 500<\/td><td>500 mm<\/td><td>15 mm<\/td><td>ca. 25 m<\/td><td>DFR400500<\/td><\/tr><tr><td>Dexi Fallhammer-Riemen 550<\/td><td>550 mm<\/td><td>15 mm<\/td><td>a. A.<\/td><td>DFR400550<\/td><\/tr><tr><td>Dexi Fallhammer-Riemen 600<\/td><td>600 mm<\/td><td>15 mm<\/td><td>a. A.<\/td><td>DFR400600<\/td><\/tr><tr><td>Dexi Fallhammer-Riemen 650<\/td><td>650 mm<\/td><td>15 mm<\/td><td>a. A.<\/td><td>DFR400650<\/td><\/tr><tr><td>Dexi Fallhammer-Riemen 700<\/td><td>700 mm<\/td><td>15 mm<\/td><td>a. A.<\/td><td>DFR400700<\/td><\/tr><tr><td>Dexi Fallhammer-Riemen 750<\/td><td>750 mm<\/td><td>15 mm<\/td><td>a. A.<\/td><td>DFR400750<\/td><\/tr><\/tbody><\/table><\/figure>\n\n\n\n<figure class=\"wp-block-image\"><img decoding=\"async\" src=\"https:\/\/www.te-gmbh.com\/de\/wp-content\/uploads\/2022\/02\/Steigspray.png\" alt=\"\" title=\"\"\/><\/figure>\n\n\n\n<p><\/p>\n\n\n\n<h3 class=\"wp-block-heading\">DEXI* Steigspray<\/h3>\n\n\n\n<p>DEXI* Fallhammer-Riemen Steigspray erh\u00f6ht die Friktion des Riemens. (Dieses Produkt ist ein reiner Service-Artikel f\u00fcr unsere DEXI* Kunden)<\/p>\n\n\n\n<ul class=\"wp-block-list\">\n<li>Dexi Steigspray &#8211; VPE 1 Stck. lose &#8211; Art.-Nr. DSP100001<\/li>\n\n\n\n<li>Dexi Steigspray &#8211; VPE 6 Stck. Karton &#8211; Art.-Nr. DSP100100<\/li>\n<\/ul>\n\n\n\n<figure class=\"wp-block-image\"><img decoding=\"async\" src=\"https:\/\/www.te-gmbh.com\/de\/wp-content\/uploads\/2022\/02\/Fallhammerriemen-1.png\" alt=\"\" title=\"\"\/><\/figure>\n\n\n\n<p><\/p>\n","protected":false},"excerpt":{"rendered":"<p>DEXI* Fallhammerriemen Wir bieten in unserem Standardprogramm Riemen f\u00fcr die meisten markt\u00fcblichen Schmiedeaggregate. Bei Detailangaben \u00fcber Typen, Gewichte etc. k\u00f6nnen wir gern nach empfohlener Belastungstabelle St\u00e4rke und Breite detailliert anbieten. F\u00fcr unsere Fallhammeriemen erhalten Sie auch unser Steigspray, um optimale Kraft\u00fcbertragung zu sichern. Typ Breite St\u00e4rke L\u00e4nge Art.-Nr. Dexi Fallhammer-Riemen 100 100 mm 10 mm [&hellip;]<\/p>\n","protected":false},"author":1,"featured_media":670,"parent":0,"menu_order":0,"comment_status":"closed","ping_status":"closed","template":"","meta":{"footnotes":""},"class_list":["post-113","page","type-page","status-publish","has-post-thumbnail","hentry"],"yoast_head":"<!-- This site is optimized with the Yoast SEO plugin v27.4 - https:\/\/yoast.com\/product\/yoast-seo-wordpress\/ -->\n<title>Fallhammerriemen | TE-Vertriebs GmbH<\/title>\n<meta name=\"description\" content=\"Fallhammerriemen f\u00fcr die meisten Schmiedeaggregate. Qualit\u00e4ts-Standard, ideale Reibwerte, optimale Kraft\u00fcbertragung, Wartungsfreiheit\" \/>\n<meta name=\"robots\" content=\"index, follow, max-snippet:-1, max-image-preview:large, max-video-preview:-1\" \/>\n<link rel=\"canonical\" href=\"https:\/\/www.te-gmbh.com\/de\/schwergewebe\/\" \/>\n<meta property=\"og:locale\" content=\"de_DE\" \/>\n<meta property=\"og:type\" content=\"article\" \/>\n<meta property=\"og:title\" content=\"Fallhammerriemen | TE-Vertriebs GmbH\" \/>\n<meta property=\"og:description\" content=\"Fallhammerriemen f\u00fcr die meisten Schmiedeaggregate. Qualit\u00e4ts-Standard, ideale Reibwerte, optimale Kraft\u00fcbertragung, Wartungsfreiheit\" \/>\n<meta property=\"og:url\" content=\"https:\/\/www.te-gmbh.com\/de\/schwergewebe\/\" \/>\n<meta property=\"og:site_name\" content=\"TE-Vertriebs GmbH\" \/>\n<meta property=\"article:modified_time\" content=\"2026-04-16T14:48:56+00:00\" \/>\n<meta name=\"twitter:card\" content=\"summary_large_image\" \/>\n<meta name=\"twitter:label1\" content=\"Gesch\u00e4tzte Lesezeit\" \/>\n\t<meta name=\"twitter:data1\" content=\"3\u00a0Minuten\" \/>\n<script type=\"application\/ld+json\" class=\"yoast-schema-graph\">{\"@context\":\"https:\\\/\\\/schema.org\",\"@graph\":[{\"@type\":\"WebPage\",\"@id\":\"https:\\\/\\\/www.te-gmbh.com\\\/de\\\/schwergewebe\\\/\",\"url\":\"https:\\\/\\\/www.te-gmbh.com\\\/de\\\/schwergewebe\\\/\",\"name\":\"Fallhammerriemen | TE-Vertriebs GmbH\",\"isPartOf\":{\"@id\":\"https:\\\/\\\/www.te-gmbh.com\\\/de\\\/#website\"},\"primaryImageOfPage\":{\"@id\":\"https:\\\/\\\/www.te-gmbh.com\\\/de\\\/schwergewebe\\\/#primaryimage\"},\"image\":{\"@id\":\"https:\\\/\\\/www.te-gmbh.com\\\/de\\\/schwergewebe\\\/#primaryimage\"},\"thumbnailUrl\":\"\",\"datePublished\":\"2022-02-14T09:02:32+00:00\",\"dateModified\":\"2026-04-16T14:48:56+00:00\",\"description\":\"Fallhammerriemen f\u00fcr die meisten Schmiedeaggregate. Qualit\u00e4ts-Standard, ideale Reibwerte, optimale Kraft\u00fcbertragung, Wartungsfreiheit\",\"breadcrumb\":{\"@id\":\"https:\\\/\\\/www.te-gmbh.com\\\/de\\\/schwergewebe\\\/#breadcrumb\"},\"inLanguage\":\"de\",\"potentialAction\":[{\"@type\":\"ReadAction\",\"target\":[\"https:\\\/\\\/www.te-gmbh.com\\\/de\\\/schwergewebe\\\/\"]}]},{\"@type\":\"ImageObject\",\"inLanguage\":\"de\",\"@id\":\"https:\\\/\\\/www.te-gmbh.com\\\/de\\\/schwergewebe\\\/#primaryimage\",\"url\":\"\",\"contentUrl\":\"\",\"caption\":\"DEXI* Fallhammerriemen f\u00fcr die meisten markt\u00fcblichen Schmiedeaggregate\"},{\"@type\":\"BreadcrumbList\",\"@id\":\"https:\\\/\\\/www.te-gmbh.com\\\/de\\\/schwergewebe\\\/#breadcrumb\",\"itemListElement\":[{\"@type\":\"ListItem\",\"position\":1,\"name\":\"Startseite\",\"item\":\"https:\\\/\\\/www.te-gmbh.com\\\/de\\\/\"},{\"@type\":\"ListItem\",\"position\":2,\"name\":\"Fallhammerriemen\"}]},{\"@type\":\"WebSite\",\"@id\":\"https:\\\/\\\/www.te-gmbh.com\\\/de\\\/#website\",\"url\":\"https:\\\/\\\/www.te-gmbh.com\\\/de\\\/\",\"name\":\"TE-Vertriebs GmbH\",\"description\":\"PTFE-F\u00f6rderb\u00e4nder, Technische Gewebe, PTFE-Gewebe\",\"publisher\":{\"@id\":\"https:\\\/\\\/www.te-gmbh.com\\\/de\\\/#organization\"},\"potentialAction\":[{\"@type\":\"SearchAction\",\"target\":{\"@type\":\"EntryPoint\",\"urlTemplate\":\"https:\\\/\\\/www.te-gmbh.com\\\/de\\\/?s={search_term_string}\"},\"query-input\":{\"@type\":\"PropertyValueSpecification\",\"valueRequired\":true,\"valueName\":\"search_term_string\"}}],\"inLanguage\":\"de\"},{\"@type\":\"Organization\",\"@id\":\"https:\\\/\\\/www.te-gmbh.com\\\/de\\\/#organization\",\"name\":\"TE-Vertrieb GmbH\",\"url\":\"https:\\\/\\\/www.te-gmbh.com\\\/de\\\/\",\"logo\":{\"@type\":\"ImageObject\",\"inLanguage\":\"de\",\"@id\":\"https:\\\/\\\/www.te-gmbh.com\\\/de\\\/#\\\/schema\\\/logo\\\/image\\\/\",\"url\":\"\",\"contentUrl\":\"\",\"caption\":\"TE-Vertrieb GmbH\"},\"image\":{\"@id\":\"https:\\\/\\\/www.te-gmbh.com\\\/de\\\/#\\\/schema\\\/logo\\\/image\\\/\"}}]}<\/script>\n<!-- \/ Yoast SEO plugin. -->","yoast_head_json":{"title":"Fallhammerriemen | TE-Vertriebs GmbH","description":"Fallhammerriemen f\u00fcr die meisten Schmiedeaggregate. Qualit\u00e4ts-Standard, ideale Reibwerte, optimale Kraft\u00fcbertragung, Wartungsfreiheit","robots":{"index":"index","follow":"follow","max-snippet":"max-snippet:-1","max-image-preview":"max-image-preview:large","max-video-preview":"max-video-preview:-1"},"canonical":"https:\/\/www.te-gmbh.com\/de\/schwergewebe\/","og_locale":"de_DE","og_type":"article","og_title":"Fallhammerriemen | TE-Vertriebs GmbH","og_description":"Fallhammerriemen f\u00fcr die meisten Schmiedeaggregate. Qualit\u00e4ts-Standard, ideale Reibwerte, optimale Kraft\u00fcbertragung, Wartungsfreiheit","og_url":"https:\/\/www.te-gmbh.com\/de\/schwergewebe\/","og_site_name":"TE-Vertriebs GmbH","article_modified_time":"2026-04-16T14:48:56+00:00","twitter_card":"summary_large_image","twitter_misc":{"Gesch\u00e4tzte Lesezeit":"3\u00a0Minuten"},"schema":{"@context":"https:\/\/schema.org","@graph":[{"@type":"WebPage","@id":"https:\/\/www.te-gmbh.com\/de\/schwergewebe\/","url":"https:\/\/www.te-gmbh.com\/de\/schwergewebe\/","name":"Fallhammerriemen | TE-Vertriebs GmbH","isPartOf":{"@id":"https:\/\/www.te-gmbh.com\/de\/#website"},"primaryImageOfPage":{"@id":"https:\/\/www.te-gmbh.com\/de\/schwergewebe\/#primaryimage"},"image":{"@id":"https:\/\/www.te-gmbh.com\/de\/schwergewebe\/#primaryimage"},"thumbnailUrl":"","datePublished":"2022-02-14T09:02:32+00:00","dateModified":"2026-04-16T14:48:56+00:00","description":"Fallhammerriemen f\u00fcr die meisten Schmiedeaggregate. Qualit\u00e4ts-Standard, ideale Reibwerte, optimale Kraft\u00fcbertragung, Wartungsfreiheit","breadcrumb":{"@id":"https:\/\/www.te-gmbh.com\/de\/schwergewebe\/#breadcrumb"},"inLanguage":"de","potentialAction":[{"@type":"ReadAction","target":["https:\/\/www.te-gmbh.com\/de\/schwergewebe\/"]}]},{"@type":"ImageObject","inLanguage":"de","@id":"https:\/\/www.te-gmbh.com\/de\/schwergewebe\/#primaryimage","url":"","contentUrl":"","caption":"DEXI* Fallhammerriemen f\u00fcr die meisten markt\u00fcblichen Schmiedeaggregate"},{"@type":"BreadcrumbList","@id":"https:\/\/www.te-gmbh.com\/de\/schwergewebe\/#breadcrumb","itemListElement":[{"@type":"ListItem","position":1,"name":"Startseite","item":"https:\/\/www.te-gmbh.com\/de\/"},{"@type":"ListItem","position":2,"name":"Fallhammerriemen"}]},{"@type":"WebSite","@id":"https:\/\/www.te-gmbh.com\/de\/#website","url":"https:\/\/www.te-gmbh.com\/de\/","name":"TE-Vertriebs GmbH","description":"PTFE-F\u00f6rderb\u00e4nder, Technische Gewebe, PTFE-Gewebe","publisher":{"@id":"https:\/\/www.te-gmbh.com\/de\/#organization"},"potentialAction":[{"@type":"SearchAction","target":{"@type":"EntryPoint","urlTemplate":"https:\/\/www.te-gmbh.com\/de\/?s={search_term_string}"},"query-input":{"@type":"PropertyValueSpecification","valueRequired":true,"valueName":"search_term_string"}}],"inLanguage":"de"},{"@type":"Organization","@id":"https:\/\/www.te-gmbh.com\/de\/#organization","name":"TE-Vertrieb GmbH","url":"https:\/\/www.te-gmbh.com\/de\/","logo":{"@type":"ImageObject","inLanguage":"de","@id":"https:\/\/www.te-gmbh.com\/de\/#\/schema\/logo\/image\/","url":"","contentUrl":"","caption":"TE-Vertrieb GmbH"},"image":{"@id":"https:\/\/www.te-gmbh.com\/de\/#\/schema\/logo\/image\/"}}]}},"_links":{"self":[{"href":"https:\/\/www.te-gmbh.com\/de\/wp-json\/wp\/v2\/pages\/113","targetHints":{"allow":["GET"]}}],"collection":[{"href":"https:\/\/www.te-gmbh.com\/de\/wp-json\/wp\/v2\/pages"}],"about":[{"href":"https:\/\/www.te-gmbh.com\/de\/wp-json\/wp\/v2\/types\/page"}],"author":[{"embeddable":true,"href":"https:\/\/www.te-gmbh.com\/de\/wp-json\/wp\/v2\/users\/1"}],"replies":[{"embeddable":true,"href":"https:\/\/www.te-gmbh.com\/de\/wp-json\/wp\/v2\/comments?post=113"}],"version-history":[{"count":7,"href":"https:\/\/www.te-gmbh.com\/de\/wp-json\/wp\/v2\/pages\/113\/revisions"}],"predecessor-version":[{"id":1218,"href":"https:\/\/www.te-gmbh.com\/de\/wp-json\/wp\/v2\/pages\/113\/revisions\/1218"}],"wp:featuredmedia":[{"embeddable":true,"href":"https:\/\/www.te-gmbh.com\/de\/wp-json\/wp\/v2\/media\/670"}],"wp:attachment":[{"href":"https:\/\/www.te-gmbh.com\/de\/wp-json\/wp\/v2\/media?parent=113"}],"curies":[{"name":"wp","href":"https:\/\/api.w.org\/{rel}","templated":true}]}}