{"id":115,"date":"2022-02-14T10:03:03","date_gmt":"2022-02-14T09:03:03","guid":{"rendered":"https:\/\/www.te-gmbh.com\/de\/?page_id=115"},"modified":"2026-04-16T18:42:59","modified_gmt":"2026-04-16T16:42:59","slug":"service","status":"publish","type":"page","link":"https:\/\/www.te-gmbh.com\/de\/service\/","title":{"rendered":"Service"},"content":{"rendered":"\n<figure class=\"wp-block-image\"><img decoding=\"async\" src=\"https:\/\/www.te-gmbh.com\/de\/wp-content\/uploads\/2022\/02\/Aluminiumwuerfel-2020-Muster.png\" alt=\"\" title=\"\"\/><\/figure>\n\n\n\n<h3 class=\"wp-block-heading\">tefka* Service<\/h3>\n\n\n\n<p>Wir bieten Serviceprodukte f\u00fcr viele Anwendungen, in der Montagetechnik, Drucktechnik, Handlingbau, Zuf\u00fchrtechnik und weiteres. Haben Sie Probleme Ihre Produkte zu fixieren oder halten diese zu fest, ben\u00f6tigen Sie Unterlagen f\u00fcr Hitzeanwendungen, K\u00e4lteanwendungen, Schmutzanwendungen oder im Reinraum, wir bieten ma\u00dfgeschneiderte Artikel f\u00fcr Ihr Materialhandling.<\/p>\n\n\n\n<h3 class=\"wp-block-heading\">Beispielanwendungen aus der Praxis<\/h3>\n\n\n\n<p>Hier finden Sie ein kleine Auswahl an Produkten f\u00fcr div. Anwendungen.<\/p>\n\n\n\n<figure class=\"wp-block-image\"><img decoding=\"async\" src=\"https:\/\/www.te-gmbh.com\/de\/wp-content\/uploads\/2022\/02\/Handling-Displaydruck.png\" alt=\"\" title=\"\"\/><\/figure>\n\n\n\n<h3 class=\"wp-block-heading\">tefka* Handling f\u00fcr Displaydruck<\/h3>\n\n\n\n<p>tefka* Handlings, Materialhalter mit oder ohne Vakuumunterst\u00fctzung<\/p>\n\n\n\n<figure class=\"wp-block-image\"><img decoding=\"async\" src=\"https:\/\/www.te-gmbh.com\/de\/wp-content\/uploads\/2022\/02\/Aufkleber-hitzebestaendig-Auspuffaufkleber.png\" alt=\"\" title=\"\"\/><\/figure>\n\n\n\n<h3 class=\"wp-block-heading\">tefka* Hitzebest\u00e4ndige Aufkleber &amp; Warnschilder<\/h3>\n\n\n\n<p>Einseitig klebendes Material kann mit reversiblen Haftkleber auf hei\u00dfen Fl\u00e4chen angeklebt und wieder entfernt werden.<br>Endtopf &#8211; Auspuffaufkleber<\/p>\n\n\n\n<figure class=\"wp-block-image\"><img decoding=\"async\" src=\"https:\/\/www.te-gmbh.com\/de\/wp-content\/uploads\/2022\/02\/Kalanderbeschichtung.jpg\" alt=\"\" title=\"\"\/><\/figure>\n\n\n\n<h3 class=\"wp-block-heading\">tefka* Walzenbeschichtung mit Friktionsband<\/h3>\n\n\n\n<p>Das Material in den Walzen wird besser fixiert und l\u00e4sst sich so kontrollierter bef\u00f6rdern<\/p>\n\n\n\n<figure class=\"wp-block-image\"><img decoding=\"async\" src=\"https:\/\/www.te-gmbh.com\/de\/wp-content\/uploads\/2022\/02\/Walzenbeschichtung.png\" alt=\"\" title=\"\"\/><\/figure>\n\n\n\n<h3 class=\"wp-block-heading\">tefka* Walzenbeschichtung<\/h3>\n\n\n\n<p>in vielen Ausf\u00fchrungen: glatt, friktioniert, gelocht usw.<\/p>\n\n\n\n<figure class=\"wp-block-image\"><img decoding=\"async\" src=\"https:\/\/www.te-gmbh.com\/de\/wp-content\/uploads\/2022\/02\/Vakuum.png\" alt=\"\" title=\"\"\/><\/figure>\n\n\n\n<h3 class=\"wp-block-heading\">tefka* Vakuum<\/h3>\n\n\n\n<p>Unterlagen und passgenaue Einleger f\u00fcr Vakuumanwendungen<\/p>\n\n\n\n<figure class=\"wp-block-image\"><img decoding=\"async\" src=\"https:\/\/www.te-gmbh.com\/de\/wp-content\/uploads\/2022\/02\/Siebleder.png\" alt=\"\" title=\"\"\/><\/figure>\n\n\n\n<h3 class=\"wp-block-heading\">tefka* Abstreifer, Sch\u00f6pfkante, Siebleder<\/h3>\n\n\n\n<p>Sandwich Materialien, z.B. Laminate mit griffiger Oberfl\u00e4che und gleitender Unterbeschichtung &#8211; auf Null gefast &#8211; versiegelte Kante.<\/p>\n","protected":false},"excerpt":{"rendered":"<p>tefka* Service Wir bieten Serviceprodukte f\u00fcr viele Anwendungen, in der Montagetechnik, Drucktechnik, Handlingbau, Zuf\u00fchrtechnik und weiteres. Haben Sie Probleme Ihre Produkte zu fixieren oder halten diese zu fest, ben\u00f6tigen Sie Unterlagen f\u00fcr Hitzeanwendungen, K\u00e4lteanwendungen, Schmutzanwendungen oder im Reinraum, wir bieten ma\u00dfgeschneiderte Artikel f\u00fcr Ihr Materialhandling. Beispielanwendungen aus der Praxis Hier finden Sie ein kleine Auswahl [&hellip;]<\/p>\n","protected":false},"author":1,"featured_media":684,"parent":0,"menu_order":0,"comment_status":"closed","ping_status":"closed","template":"","meta":{"footnotes":""},"class_list":["post-115","page","type-page","status-publish","has-post-thumbnail","hentry"],"yoast_head":"<!-- This site is optimized with the Yoast SEO plugin v27.4 - https:\/\/yoast.com\/product\/yoast-seo-wordpress\/ -->\n<title>Service | TE-Vertriebs GmbH<\/title>\n<meta name=\"description\" content=\"tefka* Service Wir bieten technische Gewebe f\u00fcr viele Anwendungen. Montagetechnik, Drucktechnik, Handlingbau, Zuf\u00fchrtechnik und weiteres\" \/>\n<meta name=\"robots\" content=\"index, follow, max-snippet:-1, max-image-preview:large, max-video-preview:-1\" \/>\n<link rel=\"canonical\" href=\"https:\/\/www.te-gmbh.com\/de\/service\/\" \/>\n<meta property=\"og:locale\" content=\"de_DE\" \/>\n<meta property=\"og:type\" content=\"article\" \/>\n<meta property=\"og:title\" content=\"Service | TE-Vertriebs GmbH\" \/>\n<meta property=\"og:description\" content=\"tefka* Service Wir bieten technische Gewebe f\u00fcr viele Anwendungen. Montagetechnik, Drucktechnik, Handlingbau, Zuf\u00fchrtechnik und weiteres\" \/>\n<meta property=\"og:url\" content=\"https:\/\/www.te-gmbh.com\/de\/service\/\" \/>\n<meta property=\"og:site_name\" content=\"TE-Vertriebs GmbH\" \/>\n<meta property=\"article:modified_time\" content=\"2026-04-16T16:42:59+00:00\" \/>\n<meta name=\"twitter:card\" content=\"summary_large_image\" \/>\n<meta name=\"twitter:label1\" content=\"Gesch\u00e4tzte Lesezeit\" \/>\n\t<meta name=\"twitter:data1\" content=\"1\u00a0Minute\" \/>\n<script type=\"application\/ld+json\" class=\"yoast-schema-graph\">{\"@context\":\"https:\\\/\\\/schema.org\",\"@graph\":[{\"@type\":\"WebPage\",\"@id\":\"https:\\\/\\\/www.te-gmbh.com\\\/de\\\/service\\\/\",\"url\":\"https:\\\/\\\/www.te-gmbh.com\\\/de\\\/service\\\/\",\"name\":\"Service | TE-Vertriebs GmbH\",\"isPartOf\":{\"@id\":\"https:\\\/\\\/www.te-gmbh.com\\\/de\\\/#website\"},\"primaryImageOfPage\":{\"@id\":\"https:\\\/\\\/www.te-gmbh.com\\\/de\\\/service\\\/#primaryimage\"},\"image\":{\"@id\":\"https:\\\/\\\/www.te-gmbh.com\\\/de\\\/service\\\/#primaryimage\"},\"thumbnailUrl\":\"\",\"datePublished\":\"2022-02-14T09:03:03+00:00\",\"dateModified\":\"2026-04-16T16:42:59+00:00\",\"description\":\"tefka* Service Wir bieten technische Gewebe f\u00fcr viele Anwendungen. Montagetechnik, Drucktechnik, Handlingbau, Zuf\u00fchrtechnik und weiteres\",\"breadcrumb\":{\"@id\":\"https:\\\/\\\/www.te-gmbh.com\\\/de\\\/service\\\/#breadcrumb\"},\"inLanguage\":\"de\",\"potentialAction\":[{\"@type\":\"ReadAction\",\"target\":[\"https:\\\/\\\/www.te-gmbh.com\\\/de\\\/service\\\/\"]}]},{\"@type\":\"ImageObject\",\"inLanguage\":\"de\",\"@id\":\"https:\\\/\\\/www.te-gmbh.com\\\/de\\\/service\\\/#primaryimage\",\"url\":\"\",\"contentUrl\":\"\"},{\"@type\":\"BreadcrumbList\",\"@id\":\"https:\\\/\\\/www.te-gmbh.com\\\/de\\\/service\\\/#breadcrumb\",\"itemListElement\":[{\"@type\":\"ListItem\",\"position\":1,\"name\":\"Startseite\",\"item\":\"https:\\\/\\\/www.te-gmbh.com\\\/de\\\/\"},{\"@type\":\"ListItem\",\"position\":2,\"name\":\"Service\"}]},{\"@type\":\"WebSite\",\"@id\":\"https:\\\/\\\/www.te-gmbh.com\\\/de\\\/#website\",\"url\":\"https:\\\/\\\/www.te-gmbh.com\\\/de\\\/\",\"name\":\"TE-Vertriebs GmbH\",\"description\":\"PTFE-F\u00f6rderb\u00e4nder, Technische Gewebe, PTFE-Gewebe\",\"publisher\":{\"@id\":\"https:\\\/\\\/www.te-gmbh.com\\\/de\\\/#organization\"},\"potentialAction\":[{\"@type\":\"SearchAction\",\"target\":{\"@type\":\"EntryPoint\",\"urlTemplate\":\"https:\\\/\\\/www.te-gmbh.com\\\/de\\\/?s={search_term_string}\"},\"query-input\":{\"@type\":\"PropertyValueSpecification\",\"valueRequired\":true,\"valueName\":\"search_term_string\"}}],\"inLanguage\":\"de\"},{\"@type\":\"Organization\",\"@id\":\"https:\\\/\\\/www.te-gmbh.com\\\/de\\\/#organization\",\"name\":\"TE-Vertrieb GmbH\",\"url\":\"https:\\\/\\\/www.te-gmbh.com\\\/de\\\/\",\"logo\":{\"@type\":\"ImageObject\",\"inLanguage\":\"de\",\"@id\":\"https:\\\/\\\/www.te-gmbh.com\\\/de\\\/#\\\/schema\\\/logo\\\/image\\\/\",\"url\":\"\",\"contentUrl\":\"\",\"caption\":\"TE-Vertrieb GmbH\"},\"image\":{\"@id\":\"https:\\\/\\\/www.te-gmbh.com\\\/de\\\/#\\\/schema\\\/logo\\\/image\\\/\"}}]}<\/script>\n<!-- \/ Yoast SEO plugin. -->","yoast_head_json":{"title":"Service | TE-Vertriebs GmbH","description":"tefka* Service Wir bieten technische Gewebe f\u00fcr viele Anwendungen. Montagetechnik, Drucktechnik, Handlingbau, Zuf\u00fchrtechnik und weiteres","robots":{"index":"index","follow":"follow","max-snippet":"max-snippet:-1","max-image-preview":"max-image-preview:large","max-video-preview":"max-video-preview:-1"},"canonical":"https:\/\/www.te-gmbh.com\/de\/service\/","og_locale":"de_DE","og_type":"article","og_title":"Service | TE-Vertriebs GmbH","og_description":"tefka* Service Wir bieten technische Gewebe f\u00fcr viele Anwendungen. Montagetechnik, Drucktechnik, Handlingbau, Zuf\u00fchrtechnik und weiteres","og_url":"https:\/\/www.te-gmbh.com\/de\/service\/","og_site_name":"TE-Vertriebs GmbH","article_modified_time":"2026-04-16T16:42:59+00:00","twitter_card":"summary_large_image","twitter_misc":{"Gesch\u00e4tzte Lesezeit":"1\u00a0Minute"},"schema":{"@context":"https:\/\/schema.org","@graph":[{"@type":"WebPage","@id":"https:\/\/www.te-gmbh.com\/de\/service\/","url":"https:\/\/www.te-gmbh.com\/de\/service\/","name":"Service | TE-Vertriebs GmbH","isPartOf":{"@id":"https:\/\/www.te-gmbh.com\/de\/#website"},"primaryImageOfPage":{"@id":"https:\/\/www.te-gmbh.com\/de\/service\/#primaryimage"},"image":{"@id":"https:\/\/www.te-gmbh.com\/de\/service\/#primaryimage"},"thumbnailUrl":"","datePublished":"2022-02-14T09:03:03+00:00","dateModified":"2026-04-16T16:42:59+00:00","description":"tefka* Service Wir bieten technische Gewebe f\u00fcr viele Anwendungen. Montagetechnik, Drucktechnik, Handlingbau, Zuf\u00fchrtechnik und weiteres","breadcrumb":{"@id":"https:\/\/www.te-gmbh.com\/de\/service\/#breadcrumb"},"inLanguage":"de","potentialAction":[{"@type":"ReadAction","target":["https:\/\/www.te-gmbh.com\/de\/service\/"]}]},{"@type":"ImageObject","inLanguage":"de","@id":"https:\/\/www.te-gmbh.com\/de\/service\/#primaryimage","url":"","contentUrl":""},{"@type":"BreadcrumbList","@id":"https:\/\/www.te-gmbh.com\/de\/service\/#breadcrumb","itemListElement":[{"@type":"ListItem","position":1,"name":"Startseite","item":"https:\/\/www.te-gmbh.com\/de\/"},{"@type":"ListItem","position":2,"name":"Service"}]},{"@type":"WebSite","@id":"https:\/\/www.te-gmbh.com\/de\/#website","url":"https:\/\/www.te-gmbh.com\/de\/","name":"TE-Vertriebs GmbH","description":"PTFE-F\u00f6rderb\u00e4nder, Technische Gewebe, PTFE-Gewebe","publisher":{"@id":"https:\/\/www.te-gmbh.com\/de\/#organization"},"potentialAction":[{"@type":"SearchAction","target":{"@type":"EntryPoint","urlTemplate":"https:\/\/www.te-gmbh.com\/de\/?s={search_term_string}"},"query-input":{"@type":"PropertyValueSpecification","valueRequired":true,"valueName":"search_term_string"}}],"inLanguage":"de"},{"@type":"Organization","@id":"https:\/\/www.te-gmbh.com\/de\/#organization","name":"TE-Vertrieb GmbH","url":"https:\/\/www.te-gmbh.com\/de\/","logo":{"@type":"ImageObject","inLanguage":"de","@id":"https:\/\/www.te-gmbh.com\/de\/#\/schema\/logo\/image\/","url":"","contentUrl":"","caption":"TE-Vertrieb GmbH"},"image":{"@id":"https:\/\/www.te-gmbh.com\/de\/#\/schema\/logo\/image\/"}}]}},"_links":{"self":[{"href":"https:\/\/www.te-gmbh.com\/de\/wp-json\/wp\/v2\/pages\/115","targetHints":{"allow":["GET"]}}],"collection":[{"href":"https:\/\/www.te-gmbh.com\/de\/wp-json\/wp\/v2\/pages"}],"about":[{"href":"https:\/\/www.te-gmbh.com\/de\/wp-json\/wp\/v2\/types\/page"}],"author":[{"embeddable":true,"href":"https:\/\/www.te-gmbh.com\/de\/wp-json\/wp\/v2\/users\/1"}],"replies":[{"embeddable":true,"href":"https:\/\/www.te-gmbh.com\/de\/wp-json\/wp\/v2\/comments?post=115"}],"version-history":[{"count":4,"href":"https:\/\/www.te-gmbh.com\/de\/wp-json\/wp\/v2\/pages\/115\/revisions"}],"predecessor-version":[{"id":1222,"href":"https:\/\/www.te-gmbh.com\/de\/wp-json\/wp\/v2\/pages\/115\/revisions\/1222"}],"wp:featuredmedia":[{"embeddable":true,"href":"https:\/\/www.te-gmbh.com\/de\/wp-json\/wp\/v2\/media\/684"}],"wp:attachment":[{"href":"https:\/\/www.te-gmbh.com\/de\/wp-json\/wp\/v2\/media?parent=115"}],"curies":[{"name":"wp","href":"https:\/\/api.w.org\/{rel}","templated":true}]}}