{"id":52,"date":"2022-01-30T08:03:46","date_gmt":"2022-01-30T07:03:46","guid":{"rendered":"https:\/\/www.te-gmbh.com\/de\/?page_id=52"},"modified":"2026-04-16T22:51:34","modified_gmt":"2026-04-16T20:51:34","slug":"homepage","status":"publish","type":"page","link":"https:\/\/www.te-gmbh.com\/de\/","title":{"rendered":"Homepage"},"content":{"rendered":"\n<div class=\"wp-block-group alignfull has-background has-global-padding is-layout-constrained wp-block-group-is-layout-constrained\" style=\"background-color:#88756b\">\n<div class=\"wp-block-cover\" style=\"margin-top:0;margin-bottom:0;padding-top:0;padding-bottom:0\"><img decoding=\"async\" class=\"wp-block-cover__image-background wp-image-65 size-full\" alt=\"\" src=\"https:\/\/www.te-gmbh.com\/de\/wp-content\/uploads\/2022\/01\/Openmesh.png\" style=\"object-position:74% 49%\" data-object-fit=\"cover\" data-object-position=\"74% 49%\"\/><span aria-hidden=\"true\" class=\"wp-block-cover__background has-background-dim-20 has-background-dim\" style=\"background-color:#88756b\"><\/span><div class=\"wp-block-cover__inner-container has-global-padding is-layout-constrained wp-block-cover-is-layout-constrained\">\n<p class=\"has-text-align-center has-large-font-size\">PTFE-Glasgewebe F\u00f6rderb\u00e4nder<\/p>\n<\/div><\/div>\n<\/div>\n\n\n\n<hr class=\"wp-block-separator has-alpha-channel-opacity\"\/>\n\n\n\n<div class=\"wp-block-group has-global-padding is-layout-constrained wp-block-group-is-layout-constrained\" style=\"margin-top:var(--wp--preset--spacing--40);margin-bottom:var(--wp--preset--spacing--40);padding-top:var(--wp--preset--spacing--30);padding-bottom:var(--wp--preset--spacing--30)\">\n<p class=\"has-medium-font-size\"><strong>(temperaturbest\u00e4ndig \/ chemisch-best\u00e4ndig)<\/strong><br>PTFE-Glasgewebe F\u00f6rderb\u00e4nder f\u00fcr viele Industrielle Anwendungen, hohe chemische- und Temperaturbest\u00e4ndigkeit. HF, IR, UV und Mikrowellen best\u00e4ndig. Hervorragende Anti-Haft-Eigenschaften.<\/p>\n\n\n\n<div class=\"wp-block-columns is-layout-flex wp-container-core-columns-is-layout-0884d4d2 wp-block-columns-is-layout-flex\" style=\"margin-top:var(--wp--preset--spacing--50);margin-bottom:var(--wp--preset--spacing--50)\">\n<div class=\"wp-block-column is-layout-flow wp-block-column-is-layout-flow\">\n<div class=\"wp-block-buttons is-layout-flex wp-block-buttons-is-layout-flex\">\n<div class=\"wp-block-button\"><a class=\"wp-block-button__link wp-element-button\" href=\"https:\/\/www.te-gmbh.com\/de\/ptfe-transportband-offenmaschig\/\">F\u00f6rderb\u00e4nder offenmaschig<\/a><\/div>\n<\/div>\n<\/div>\n\n\n\n<div class=\"wp-block-column is-layout-flow wp-block-column-is-layout-flow\">\n<div class=\"wp-block-buttons is-layout-flex wp-block-buttons-is-layout-flex\">\n<div class=\"wp-block-button\"><a class=\"wp-block-button__link wp-element-button\" href=\"https:\/\/www.te-gmbh.com\/de\/ptfe-glasgewebe-foerderbaender\/\">F\u00f6rderb\u00e4nder geschlossen<\/a><\/div>\n<\/div>\n<\/div>\n<\/div>\n<\/div>\n\n\n\n<hr class=\"wp-block-separator has-alpha-channel-opacity\"\/>\n\n\n\n<div class=\"wp-block-group alignfull has-background has-global-padding is-layout-constrained wp-block-group-is-layout-constrained\" style=\"background-color:#121212ba;padding-top:var(--wp--preset--spacing--50);padding-bottom:var(--wp--preset--spacing--50)\">\n<div class=\"wp-block-cover\"><img decoding=\"async\" class=\"wp-block-cover__image-background\" alt=\"\" src=\"https:\/\/www.te-gmbh.com\/de\/wp-content\/uploads\/2022\/02\/Schweissbalken.png\" style=\"object-position:54% 60%\" data-object-fit=\"cover\" data-object-position=\"54% 60%\"\/><span aria-hidden=\"true\" class=\"wp-block-cover__background has-background-dim\" style=\"background-color:#535353\"><\/span><div class=\"wp-block-cover__inner-container is-layout-flow wp-block-cover-is-layout-flow\">\n<p class=\"has-text-align-center has-large-font-size\">Installation von Endlos F\u00f6rdergurten<\/p>\n<\/div><\/div>\n\n\n\n<div class=\"wp-block-columns is-layout-flex wp-container-core-columns-is-layout-28f84493 wp-block-columns-is-layout-flex\">\n<div class=\"wp-block-column is-layout-flow wp-block-column-is-layout-flow\">\n<div class=\"wp-block-buttons is-layout-flex wp-block-buttons-is-layout-flex\">\n<div class=\"wp-block-button\"><a class=\"wp-block-button__link wp-element-button\" href=\"https:\/\/www.te-gmbh.com\/de\/ptfe-glasgewebe-foerderbaender\/\">Schweissger\u00e4t f\u00fcr Endlosmontagen<\/a><\/div>\n<\/div>\n<\/div>\n\n\n\n<div class=\"wp-block-column is-layout-flow wp-block-column-is-layout-flow\">\n<div class=\"wp-block-buttons is-layout-flex wp-block-buttons-is-layout-flex\">\n<div class=\"wp-block-button\"><a class=\"wp-block-button__link wp-element-button\" href=\"https:\/\/www.te-gmbh.com\/de\/ptfe-glasgewebe-foerderbaender\/\">Transportb\u00e4nder <\/a><\/div>\n<\/div>\n<\/div>\n<\/div>\n<\/div>\n\n\n\n<hr class=\"wp-block-separator has-alpha-channel-opacity\"\/>\n\n\n\n<div class=\"wp-block-group has-global-padding is-layout-constrained wp-block-group-is-layout-constrained\" style=\"padding-top:var(--wp--preset--spacing--40);padding-bottom:var(--wp--preset--spacing--40)\">\n<figure class=\"wp-block-image\"><a href=\"https:\/\/www.te-gmbh.com\/de\/heat-sealing-tape\/\"><img decoding=\"async\" src=\"https:\/\/www.te-gmbh.com\/de\/wp-content\/uploads\/2022\/02\/Heatsealing.png\" alt=\"\" title=\"\"\/><\/a><\/figure>\n\n\n\n<div class=\"wp-block-columns is-layout-flex wp-container-core-columns-is-layout-28f84493 wp-block-columns-is-layout-flex\">\n<div class=\"wp-block-column is-layout-flow wp-block-column-is-layout-flow\">\n<h3 class=\"wp-block-heading\">Serviceartikel f\u00fcr die Verpackungsindustrie.<\/h3>\n\n\n\n<div class=\"wp-block-buttons is-layout-flex wp-block-buttons-is-layout-flex\">\n<div class=\"wp-block-button\"><a class=\"wp-block-button__link wp-element-button\" href=\"https:\/\/www.te-gmbh.com\/de\/heat-sealing-tape\/\">tefka* heat sealing tapes<\/a><\/div>\n<\/div>\n<\/div>\n\n\n\n<div class=\"wp-block-column is-layout-flow wp-block-column-is-layout-flow\">\n<h3 class=\"wp-block-heading\">tefka* Vacuum Druckpads<\/h3>\n\n\n\n<div class=\"wp-block-buttons is-layout-flex wp-block-buttons-is-layout-flex\">\n<div class=\"wp-block-button\"><a class=\"wp-block-button__link wp-element-button\" href=\"https:\/\/www.te-gmbh.com\/de\/heat-sealing-tape\/\">Heat Sealing Tapes<\/a><\/div>\n<\/div>\n<\/div>\n<\/div>\n<\/div>\n\n\n\n<hr class=\"wp-block-separator has-alpha-channel-opacity\"\/>\n\n\n\n<div class=\"wp-block-group alignfull has-background has-global-padding is-layout-constrained wp-block-group-is-layout-constrained\" style=\"background-color:#121212ba;padding-top:var(--wp--preset--spacing--40);padding-bottom:var(--wp--preset--spacing--40)\">\n<div class=\"wp-block-cover\"><img decoding=\"async\" class=\"wp-block-cover__image-background\" alt=\"\" src=\"https:\/\/www.te-gmbh.com\/de\/wp-content\/uploads\/2022\/02\/Vacuum-Disk-Pads.png\" data-object-fit=\"cover\"\/><span aria-hidden=\"true\" class=\"wp-block-cover__background has-background-dim\" style=\"background-color:#535353\"><\/span><div class=\"wp-block-cover__inner-container is-layout-flow wp-block-cover-is-layout-flow\">\n<p class=\"has-text-align-center has-large-font-size\">Vacuum Disk printing Pads<\/p>\n<\/div><\/div>\n\n\n\n<h2 class=\"wp-block-heading\">Vacuum Disk printing Pads &#8211; Vakuum Pads und Matten f\u00fcr die Druck- und Werbeindustrie<\/h2>\n\n\n\n<div class=\"wp-block-buttons is-layout-flex wp-block-buttons-is-layout-flex\">\n<div class=\"wp-block-button\"><a class=\"wp-block-button__link wp-element-button\" href=\"https:\/\/www.te-gmbh.com\/de\/siebdruck-offset\/\">Vacuum Pads <\/a><\/div>\n<\/div>\n<\/div>\n\n\n\n<hr class=\"wp-block-separator has-alpha-channel-opacity\"\/>\n\n\n\n<div class=\"wp-block-group has-global-padding is-layout-constrained wp-block-group-is-layout-constrained\" style=\"padding-top:var(--wp--preset--spacing--50);padding-bottom:var(--wp--preset--spacing--50)\">\n<div class=\"wp-block-cover is-light\"><img decoding=\"async\" class=\"wp-block-cover__image-background\" alt=\"\" src=\"https:\/\/www.te-gmbh.com\/de\/wp-content\/uploads\/2022\/02\/Friktionsband-Schweissfolie.png\" data-object-fit=\"cover\"\/><span aria-hidden=\"true\" class=\"wp-block-cover__background has-background-dim-0 has-background-dim\"><\/span><div class=\"wp-block-cover__inner-container is-layout-flow wp-block-cover-is-layout-flow\">\n<h2 class=\"wp-block-heading has-text-align-center has-accent-5-color has-text-color has-link-color has-x-large-font-size wp-elements-08e514ac8d5f70132c8e234d66b01924\">tefka* Serviceartikel<\/h2>\n<\/div><\/div>\n\n\n\n<p>Serviceartikel f\u00fcr die Industrie<\/p>\n\n\n\n<div class=\"wp-block-columns is-layout-flex wp-container-core-columns-is-layout-28f84493 wp-block-columns-is-layout-flex\">\n<div class=\"wp-block-column is-layout-flow wp-block-column-is-layout-flow\">\n<div class=\"wp-block-buttons is-layout-flex wp-block-buttons-is-layout-flex\">\n<div class=\"wp-block-button\"><a class=\"wp-block-button__link wp-element-button\" href=\"https:\/\/www.te-gmbh.com\/de\/siebdruck-offset\/\">Serviceartikel<\/a><\/div>\n<\/div>\n<\/div>\n\n\n\n<div class=\"wp-block-column is-layout-flow wp-block-column-is-layout-flow\">\n<div class=\"wp-block-buttons is-layout-flex wp-block-buttons-is-layout-flex\">\n<div class=\"wp-block-button\"><a class=\"wp-block-button__link wp-element-button\" href=\"https:\/\/www.te-gmbh.com\/de\/category\/klebebaender\/\">Klebeb\u00e4nder<\/a><\/div>\n<\/div>\n<\/div>\n<\/div>\n<\/div>\n\n\n\n<hr class=\"wp-block-separator has-alpha-channel-opacity\"\/>\n\n\n\n<div class=\"wp-block-group has-global-padding is-layout-constrained wp-block-group-is-layout-constrained\" style=\"padding-top:var(--wp--preset--spacing--50);padding-bottom:var(--wp--preset--spacing--50)\">\n<h2 class=\"wp-block-heading\">DEXI* Fallhammerriemen<\/h2>\n\n\n\n<figure class=\"wp-block-image\"><a href=\"https:\/\/www.te-gmbh.com\/de\/schwergewebe\/\"><img decoding=\"async\" src=\"https:\/\/www.te-gmbh.com\/de\/wp-content\/uploads\/2022\/02\/Fallhammerriemen.png\" alt=\"\" style=\"object-fit:cover\" title=\"\"\/><\/a><\/figure>\n\n\n\n<p>technische Schwergewebe f\u00fcr die Schmiedeindustrie<\/p>\n\n\n\n<div class=\"wp-block-buttons is-layout-flex wp-block-buttons-is-layout-flex\">\n<div class=\"wp-block-button\"><a class=\"wp-block-button__link wp-element-button\" href=\"https:\/\/www.te-gmbh.com\/de\/schwergewebe\/\">Fallhammerriemen<\/a><\/div>\n<\/div>\n<\/div>\n\n\n\n<hr class=\"wp-block-separator has-alpha-channel-opacity\"\/>\n","protected":false},"excerpt":{"rendered":"<p>(temperaturbest\u00e4ndig \/ chemisch-best\u00e4ndig)PTFE-Glasgewebe F\u00f6rderb\u00e4nder f\u00fcr viele Industrielle Anwendungen, hohe chemische- und Temperaturbest\u00e4ndigkeit. HF, IR, UV und Mikrowellen best\u00e4ndig. Hervorragende Anti-Haft-Eigenschaften. Serviceartikel f\u00fcr die Verpackungsindustrie. tefka* Vacuum Druckpads Vacuum Disk printing Pads &#8211; Vakuum Pads und Matten f\u00fcr die Druck- und Werbeindustrie Serviceartikel f\u00fcr die Industrie DEXI* Fallhammerriemen technische Schwergewebe f\u00fcr die Schmiedeindustrie<\/p>\n","protected":false},"author":1,"featured_media":0,"parent":0,"menu_order":0,"comment_status":"closed","ping_status":"closed","template":"","meta":{"footnotes":""},"class_list":["post-52","page","type-page","status-publish","hentry"],"yoast_head":"<!-- This site is optimized with the Yoast SEO plugin v27.4 - https:\/\/yoast.com\/product\/yoast-seo-wordpress\/ -->\n<title>TE-Vertriebs GmbH | PTFE-Glasgewebe F\u00f6rderb\u00e4nder<\/title>\n<meta name=\"description\" content=\"Herstellung und Vertrieb von PTFE-Glasgewebe F\u00f6rderb\u00e4nder, Trockenb\u00e4nder f\u00fcr Industrie Trockner. Service Artikel f\u00fcr die Druckindustrie\" \/>\n<meta name=\"robots\" content=\"index, follow, max-snippet:-1, max-image-preview:large, max-video-preview:-1\" \/>\n<link rel=\"canonical\" href=\"https:\/\/www.te-gmbh.com\/de\/\" \/>\n<meta property=\"og:locale\" content=\"de_DE\" \/>\n<meta property=\"og:type\" content=\"article\" \/>\n<meta property=\"og:title\" content=\"TE-Vertriebs GmbH | PTFE-Glasgewebe F\u00f6rderb\u00e4nder\" \/>\n<meta property=\"og:description\" content=\"Herstellung und Vertrieb von PTFE-Glasgewebe F\u00f6rderb\u00e4nder, Trockenb\u00e4nder f\u00fcr Industrie Trockner. Service Artikel f\u00fcr die Druckindustrie\" \/>\n<meta property=\"og:url\" content=\"https:\/\/www.te-gmbh.com\/de\/\" \/>\n<meta property=\"og:site_name\" content=\"TE-Vertriebs GmbH\" \/>\n<meta property=\"article:modified_time\" content=\"2026-04-16T20:51:34+00:00\" \/>\n<meta name=\"twitter:card\" content=\"summary_large_image\" \/>\n<meta name=\"twitter:label1\" content=\"Gesch\u00e4tzte Lesezeit\" \/>\n\t<meta name=\"twitter:data1\" content=\"2\u00a0Minuten\" \/>\n<script type=\"application\/ld+json\" class=\"yoast-schema-graph\">{\"@context\":\"https:\\\/\\\/schema.org\",\"@graph\":[{\"@type\":\"WebPage\",\"@id\":\"https:\\\/\\\/www.te-gmbh.com\\\/de\\\/\",\"url\":\"https:\\\/\\\/www.te-gmbh.com\\\/de\\\/\",\"name\":\"TE-Vertriebs GmbH | PTFE-Glasgewebe F\u00f6rderb\u00e4nder\",\"isPartOf\":{\"@id\":\"https:\\\/\\\/www.te-gmbh.com\\\/de\\\/#website\"},\"primaryImageOfPage\":{\"@id\":\"https:\\\/\\\/www.te-gmbh.com\\\/de\\\/#primaryimage\"},\"image\":{\"@id\":\"https:\\\/\\\/www.te-gmbh.com\\\/de\\\/#primaryimage\"},\"thumbnailUrl\":\"https:\\\/\\\/www.te-gmbh.com\\\/de\\\/wp-content\\\/uploads\\\/2022\\\/01\\\/Openmesh.png\",\"datePublished\":\"2022-01-30T07:03:46+00:00\",\"dateModified\":\"2026-04-16T20:51:34+00:00\",\"description\":\"Herstellung und Vertrieb von PTFE-Glasgewebe F\u00f6rderb\u00e4nder, Trockenb\u00e4nder f\u00fcr Industrie Trockner. Service Artikel f\u00fcr die Druckindustrie\",\"breadcrumb\":{\"@id\":\"https:\\\/\\\/www.te-gmbh.com\\\/de\\\/#breadcrumb\"},\"inLanguage\":\"de\",\"potentialAction\":[{\"@type\":\"ReadAction\",\"target\":[\"https:\\\/\\\/www.te-gmbh.com\\\/de\\\/\"]}]},{\"@type\":\"ImageObject\",\"inLanguage\":\"de\",\"@id\":\"https:\\\/\\\/www.te-gmbh.com\\\/de\\\/#primaryimage\",\"url\":\"https:\\\/\\\/www.te-gmbh.com\\\/de\\\/wp-content\\\/uploads\\\/2022\\\/01\\\/Openmesh.png\",\"contentUrl\":\"https:\\\/\\\/www.te-gmbh.com\\\/de\\\/wp-content\\\/uploads\\\/2022\\\/01\\\/Openmesh.png\"},{\"@type\":\"BreadcrumbList\",\"@id\":\"https:\\\/\\\/www.te-gmbh.com\\\/de\\\/#breadcrumb\",\"itemListElement\":[{\"@type\":\"ListItem\",\"position\":1,\"name\":\"Startseite\",\"item\":\"https:\\\/\\\/www.te-gmbh.com\\\/de\\\/\"},{\"@type\":\"ListItem\",\"position\":2,\"name\":\"Homepage\"}]},{\"@type\":\"WebSite\",\"@id\":\"https:\\\/\\\/www.te-gmbh.com\\\/de\\\/#website\",\"url\":\"https:\\\/\\\/www.te-gmbh.com\\\/de\\\/\",\"name\":\"TE-Vertriebs GmbH\",\"description\":\"PTFE-F\u00f6rderb\u00e4nder, Technische Gewebe, PTFE-Gewebe\",\"publisher\":{\"@id\":\"https:\\\/\\\/www.te-gmbh.com\\\/de\\\/#organization\"},\"potentialAction\":[{\"@type\":\"SearchAction\",\"target\":{\"@type\":\"EntryPoint\",\"urlTemplate\":\"https:\\\/\\\/www.te-gmbh.com\\\/de\\\/?s={search_term_string}\"},\"query-input\":{\"@type\":\"PropertyValueSpecification\",\"valueRequired\":true,\"valueName\":\"search_term_string\"}}],\"inLanguage\":\"de\"},{\"@type\":\"Organization\",\"@id\":\"https:\\\/\\\/www.te-gmbh.com\\\/de\\\/#organization\",\"name\":\"TE-Vertrieb GmbH\",\"url\":\"https:\\\/\\\/www.te-gmbh.com\\\/de\\\/\",\"logo\":{\"@type\":\"ImageObject\",\"inLanguage\":\"de\",\"@id\":\"https:\\\/\\\/www.te-gmbh.com\\\/de\\\/#\\\/schema\\\/logo\\\/image\\\/\",\"url\":\"\",\"contentUrl\":\"\",\"caption\":\"TE-Vertrieb GmbH\"},\"image\":{\"@id\":\"https:\\\/\\\/www.te-gmbh.com\\\/de\\\/#\\\/schema\\\/logo\\\/image\\\/\"}}]}<\/script>\n<!-- \/ Yoast SEO plugin. -->","yoast_head_json":{"title":"TE-Vertriebs GmbH | PTFE-Glasgewebe F\u00f6rderb\u00e4nder","description":"Herstellung und Vertrieb von PTFE-Glasgewebe F\u00f6rderb\u00e4nder, Trockenb\u00e4nder f\u00fcr Industrie Trockner. Service Artikel f\u00fcr die Druckindustrie","robots":{"index":"index","follow":"follow","max-snippet":"max-snippet:-1","max-image-preview":"max-image-preview:large","max-video-preview":"max-video-preview:-1"},"canonical":"https:\/\/www.te-gmbh.com\/de\/","og_locale":"de_DE","og_type":"article","og_title":"TE-Vertriebs GmbH | PTFE-Glasgewebe F\u00f6rderb\u00e4nder","og_description":"Herstellung und Vertrieb von PTFE-Glasgewebe F\u00f6rderb\u00e4nder, Trockenb\u00e4nder f\u00fcr Industrie Trockner. Service Artikel f\u00fcr die Druckindustrie","og_url":"https:\/\/www.te-gmbh.com\/de\/","og_site_name":"TE-Vertriebs GmbH","article_modified_time":"2026-04-16T20:51:34+00:00","twitter_card":"summary_large_image","twitter_misc":{"Gesch\u00e4tzte Lesezeit":"2\u00a0Minuten"},"schema":{"@context":"https:\/\/schema.org","@graph":[{"@type":"WebPage","@id":"https:\/\/www.te-gmbh.com\/de\/","url":"https:\/\/www.te-gmbh.com\/de\/","name":"TE-Vertriebs GmbH | PTFE-Glasgewebe F\u00f6rderb\u00e4nder","isPartOf":{"@id":"https:\/\/www.te-gmbh.com\/de\/#website"},"primaryImageOfPage":{"@id":"https:\/\/www.te-gmbh.com\/de\/#primaryimage"},"image":{"@id":"https:\/\/www.te-gmbh.com\/de\/#primaryimage"},"thumbnailUrl":"https:\/\/www.te-gmbh.com\/de\/wp-content\/uploads\/2022\/01\/Openmesh.png","datePublished":"2022-01-30T07:03:46+00:00","dateModified":"2026-04-16T20:51:34+00:00","description":"Herstellung und Vertrieb von PTFE-Glasgewebe F\u00f6rderb\u00e4nder, Trockenb\u00e4nder f\u00fcr Industrie Trockner. Service Artikel f\u00fcr die Druckindustrie","breadcrumb":{"@id":"https:\/\/www.te-gmbh.com\/de\/#breadcrumb"},"inLanguage":"de","potentialAction":[{"@type":"ReadAction","target":["https:\/\/www.te-gmbh.com\/de\/"]}]},{"@type":"ImageObject","inLanguage":"de","@id":"https:\/\/www.te-gmbh.com\/de\/#primaryimage","url":"https:\/\/www.te-gmbh.com\/de\/wp-content\/uploads\/2022\/01\/Openmesh.png","contentUrl":"https:\/\/www.te-gmbh.com\/de\/wp-content\/uploads\/2022\/01\/Openmesh.png"},{"@type":"BreadcrumbList","@id":"https:\/\/www.te-gmbh.com\/de\/#breadcrumb","itemListElement":[{"@type":"ListItem","position":1,"name":"Startseite","item":"https:\/\/www.te-gmbh.com\/de\/"},{"@type":"ListItem","position":2,"name":"Homepage"}]},{"@type":"WebSite","@id":"https:\/\/www.te-gmbh.com\/de\/#website","url":"https:\/\/www.te-gmbh.com\/de\/","name":"TE-Vertriebs GmbH","description":"PTFE-F\u00f6rderb\u00e4nder, Technische Gewebe, PTFE-Gewebe","publisher":{"@id":"https:\/\/www.te-gmbh.com\/de\/#organization"},"potentialAction":[{"@type":"SearchAction","target":{"@type":"EntryPoint","urlTemplate":"https:\/\/www.te-gmbh.com\/de\/?s={search_term_string}"},"query-input":{"@type":"PropertyValueSpecification","valueRequired":true,"valueName":"search_term_string"}}],"inLanguage":"de"},{"@type":"Organization","@id":"https:\/\/www.te-gmbh.com\/de\/#organization","name":"TE-Vertrieb GmbH","url":"https:\/\/www.te-gmbh.com\/de\/","logo":{"@type":"ImageObject","inLanguage":"de","@id":"https:\/\/www.te-gmbh.com\/de\/#\/schema\/logo\/image\/","url":"","contentUrl":"","caption":"TE-Vertrieb GmbH"},"image":{"@id":"https:\/\/www.te-gmbh.com\/de\/#\/schema\/logo\/image\/"}}]}},"_links":{"self":[{"href":"https:\/\/www.te-gmbh.com\/de\/wp-json\/wp\/v2\/pages\/52","targetHints":{"allow":["GET"]}}],"collection":[{"href":"https:\/\/www.te-gmbh.com\/de\/wp-json\/wp\/v2\/pages"}],"about":[{"href":"https:\/\/www.te-gmbh.com\/de\/wp-json\/wp\/v2\/types\/page"}],"author":[{"embeddable":true,"href":"https:\/\/www.te-gmbh.com\/de\/wp-json\/wp\/v2\/users\/1"}],"replies":[{"embeddable":true,"href":"https:\/\/www.te-gmbh.com\/de\/wp-json\/wp\/v2\/comments?post=52"}],"version-history":[{"count":7,"href":"https:\/\/www.te-gmbh.com\/de\/wp-json\/wp\/v2\/pages\/52\/revisions"}],"predecessor-version":[{"id":1237,"href":"https:\/\/www.te-gmbh.com\/de\/wp-json\/wp\/v2\/pages\/52\/revisions\/1237"}],"wp:attachment":[{"href":"https:\/\/www.te-gmbh.com\/de\/wp-json\/wp\/v2\/media?parent=52"}],"curies":[{"name":"wp","href":"https:\/\/api.w.org\/{rel}","templated":true}]}}